{"id":640,"date":"2025-03-23T13:40:58","date_gmt":"2025-03-23T13:40:58","guid":{"rendered":"https:\/\/constrax.themescamp.com\/admin\/?page_id=640"},"modified":"2025-07-17T09:22:32","modified_gmt":"2025-07-17T09:22:32","slug":"contact-us","status":"publish","type":"page","link":"https:\/\/izolacje.stejdzing.pl\/index.php\/contact-us\/","title":{"rendered":"Skontaktuj si\u0119 z nami"},"content":{"rendered":"\t\t<div data-elementor-type=\"wp-page\" data-elementor-id=\"640\" class=\"elementor elementor-640\">\n\t\t\t\t<div class=\"elementor-element elementor-element-96096fb e-flex e-con-boxed parallax_section_no qode_elementor_container_no e-con e-parent\" data-id=\"96096fb\" data-element_type=\"container\">\n\t\t\t\t\t<div class=\"e-con-inner\">\n\t\t\t\t<div class=\"elementor-element elementor-element-d7f557d elementor-widget elementor-widget-heading\" data-id=\"d7f557d\" data-element_type=\"widget\" data-widget_type=\"heading.default\">\n\t\t\t\t<div class=\"elementor-widget-container\">\n\t\t\t\t\t<h2 class=\"elementor-heading-title elementor-size-default\">Zapraszamy do kontaktu.<br><br>\nJe\u015bli potrzebujesz dodatkowych informacji, chcesz porozmawia\u0107 o wsp\u00f3\u0142pracy lub um\u00f3wi\u0107 si\u0119 na spotkanie \u2013 jeste\u015bmy do dyspozycji.<\/h2>\t\t\t\t<\/div>\n\t\t\t\t<\/div>\n\t\t\t\t<div class=\"elementor-element elementor-element-9f118ad elementor-widget elementor-widget-spacer\" data-id=\"9f118ad\" data-element_type=\"widget\" data-widget_type=\"spacer.default\">\n\t\t\t\t<div class=\"elementor-widget-container\">\n\t\t\t\t\t\t\t<div class=\"elementor-spacer\">\n\t\t\t<div class=\"elementor-spacer-inner\"><\/div>\n\t\t<\/div>\n\t\t\t\t\t\t<\/div>\n\t\t\t\t<\/div>\n\t\t\t\t\t<\/div>\n\t\t\t\t<\/div>\n\t\t<div class=\"elementor-element elementor-element-152ec942 e-con-full e-flex parallax_section_no qode_elementor_container_no e-con e-parent\" data-id=\"152ec942\" data-element_type=\"container\">\n\t\t<div class=\"elementor-element elementor-element-4ce89d41 e-con-full e-flex parallax_section_no qode_elementor_container_no e-con e-child\" data-id=\"4ce89d41\" data-element_type=\"container\">\n\t\t\t\t<div class=\"elementor-element elementor-element-40c0ac7e elementor-widget__width-initial elementor-widget elementor-widget-google_maps\" data-id=\"40c0ac7e\" data-element_type=\"widget\" data-widget_type=\"google_maps.default\">\n\t\t\t\t<div class=\"elementor-widget-container\">\n\t\t\t\t\t\t\t<div class=\"elementor-custom-embed\">\n\t\t\t<iframe loading=\"lazy\"\n\t\t\t\t\tsrc=\"https:\/\/maps.google.com\/maps?q=38-100%20Strzy%C5%BC%C3%B3w%2C%20ul.%201%20Maja%201&#038;t=m&#038;z=10&#038;output=embed&#038;iwloc=near\"\n\t\t\t\t\ttitle=\"38-100 Strzy\u017c\u00f3w, ul. 1 Maja 1\"\n\t\t\t\t\taria-label=\"38-100 Strzy\u017c\u00f3w, ul. 1 Maja 1\"\n\t\t\t><\/iframe>\n\t\t<\/div>\n\t\t\t\t\t\t<\/div>\n\t\t\t\t<\/div>\n\t\t\t\t<\/div>\n\t\t<div class=\"elementor-element elementor-element-ef1ade0 e-con-full e-flex parallax_section_no qode_elementor_container_no e-con e-child\" data-id=\"ef1ade0\" data-element_type=\"container\" data-settings=\"{&quot;background_background&quot;:&quot;classic&quot;}\">\n\t\t<a class=\"elementor-element elementor-element-38d1291 e-con-full e-flex parallax_section_no qode_elementor_container_no e-con e-child\" data-id=\"38d1291\" data-element_type=\"container\" href=\"#0\">\n\t\t<div class=\"elementor-element elementor-element-34c28bc e-con-full e-flex parallax_section_no qode_elementor_container_no e-con e-child\" data-id=\"34c28bc\" data-element_type=\"container\" data-settings=\"{&quot;background_background&quot;:&quot;classic&quot;}\">\n\t\t\t\t<div class=\"elementor-element elementor-element-549dc0b elementor-view-default elementor-widget elementor-widget-icon\" data-id=\"549dc0b\" data-element_type=\"widget\" data-widget_type=\"icon.default\">\n\t\t\t\t<div class=\"elementor-widget-container\">\n\t\t\t\t\t\t\t<div class=\"elementor-icon-wrapper\">\n\t\t\t<div class=\"elementor-icon\">\n\t\t\t<svg xmlns=\"http:\/\/www.w3.org\/2000\/svg\" viewBox=\"0 0 512 512\"><path d=\"M375.8 275.2c-16.4-7-35.4-2.4-46.7 11.4l-33.2 40.6c-46-26.7-84.4-65.1-111.1-111.1L225.3 183c13.8-11.3 18.5-30.3 11.4-46.7l-48-112C181.2 6.7 162.3-3.1 143.6 .9l-112 24C13.2 28.8 0 45.1 0 64v0C0 295.2 175.2 485.6 400.1 509.5c9.8 1 19.6 1.8 29.6 2.2c0 0 0 0 0 0c0 0 .1 0 .1 0c6.1 .2 12.1 .4 18.2 .4l0 0c18.9 0 35.2-13.2 39.1-31.6l24-112c4-18.7-5.8-37.6-23.4-45.1l-112-48zM441.5 464C225.8 460.5 51.5 286.2 48.1 70.5l99.2-21.3 43 100.4L154.4 179c-18.2 14.9-22.9 40.8-11.1 61.2c30.9 53.3 75.3 97.7 128.6 128.6c20.4 11.8 46.3 7.1 61.2-11.1l29.4-35.9 100.4 43L441.5 464zM48 64v0 0 0 0 0 0 0 0 0 0 0 0 0 0 0 0 0 0 0 0 0 0 0s0 0 0 0\"><\/path><\/svg>\t\t\t<\/div>\n\t\t<\/div>\n\t\t\t\t\t\t<\/div>\n\t\t\t\t<\/div>\n\t\t\t\t<\/div>\n\t\t<div class=\"elementor-element elementor-element-d7c7636 e-con-full e-flex parallax_section_no qode_elementor_container_no e-con e-child\" data-id=\"d7c7636\" data-element_type=\"container\">\n\t\t\t\t<div class=\"elementor-element elementor-element-2796ff2 elementor-widget elementor-widget-heading\" data-id=\"2796ff2\" data-element_type=\"widget\" data-widget_type=\"heading.default\">\n\t\t\t\t<div class=\"elementor-widget-container\">\n\t\t\t\t\t<h6 class=\"elementor-heading-title elementor-size-default\">500 593 966<\/h6>\t\t\t\t<\/div>\n\t\t\t\t<\/div>\n\t\t\t\t<\/div>\n\t\t\t\t<\/a>\n\t\t<a class=\"elementor-element elementor-element-db0e493 e-con-full e-flex parallax_section_no qode_elementor_container_no e-con e-child\" data-id=\"db0e493\" data-element_type=\"container\" href=\"#0\">\n\t\t<div class=\"elementor-element elementor-element-0f938be e-con-full e-flex parallax_section_no qode_elementor_container_no e-con e-child\" data-id=\"0f938be\" data-element_type=\"container\" data-settings=\"{&quot;background_background&quot;:&quot;classic&quot;}\">\n\t\t\t\t<div class=\"elementor-element elementor-element-ad5008f elementor-view-default elementor-widget elementor-widget-icon\" data-id=\"ad5008f\" data-element_type=\"widget\" data-widget_type=\"icon.default\">\n\t\t\t\t<div class=\"elementor-widget-container\">\n\t\t\t\t\t\t\t<div class=\"elementor-icon-wrapper\">\n\t\t\t<div class=\"elementor-icon\">\n\t\t\t<svg aria-hidden=\"true\" class=\"e-font-icon-svg e-fas-at\" viewBox=\"0 0 512 512\" xmlns=\"http:\/\/www.w3.org\/2000\/svg\"><path d=\"M256 8C118.941 8 8 118.919 8 256c0 137.059 110.919 248 248 248 48.154 0 95.342-14.14 135.408-40.223 12.005-7.815 14.625-24.288 5.552-35.372l-10.177-12.433c-7.671-9.371-21.179-11.667-31.373-5.129C325.92 429.757 291.314 440 256 440c-101.458 0-184-82.542-184-184S154.542 72 256 72c100.139 0 184 57.619 184 160 0 38.786-21.093 79.742-58.17 83.693-17.349-.454-16.91-12.857-13.476-30.024l23.433-121.11C394.653 149.75 383.308 136 368.225 136h-44.981a13.518 13.518 0 0 0-13.432 11.993l-.01.092c-14.697-17.901-40.448-21.775-59.971-21.775-74.58 0-137.831 62.234-137.831 151.46 0 65.303 36.785 105.87 96 105.87 26.984 0 57.369-15.637 74.991-38.333 9.522 34.104 40.613 34.103 70.71 34.103C462.609 379.41 504 307.798 504 232 504 95.653 394.023 8 256 8zm-21.68 304.43c-22.249 0-36.07-15.623-36.07-40.771 0-44.993 30.779-72.729 58.63-72.729 22.292 0 35.601 15.241 35.601 40.77 0 45.061-33.875 72.73-58.161 72.73z\"><\/path><\/svg>\t\t\t<\/div>\n\t\t<\/div>\n\t\t\t\t\t\t<\/div>\n\t\t\t\t<\/div>\n\t\t\t\t<\/div>\n\t\t<div class=\"elementor-element elementor-element-1601e76 e-con-full e-flex parallax_section_no qode_elementor_container_no e-con e-child\" data-id=\"1601e76\" data-element_type=\"container\">\n\t\t\t\t<div class=\"elementor-element elementor-element-7b715df elementor-widget elementor-widget-heading\" data-id=\"7b715df\" data-element_type=\"widget\" data-widget_type=\"heading.default\">\n\t\t\t\t<div class=\"elementor-widget-container\">\n\t\t\t\t\t<h6 class=\"elementor-heading-title elementor-size-default\"> biuro@btech-izolacje.pl<\/h6>\t\t\t\t<\/div>\n\t\t\t\t<\/div>\n\t\t\t\t<\/div>\n\t\t\t\t<\/a>\n\t\t<a class=\"elementor-element elementor-element-ddb23e6 e-con-full e-flex parallax_section_no qode_elementor_container_no e-con e-child\" data-id=\"ddb23e6\" data-element_type=\"container\" href=\"#0\">\n\t\t<div class=\"elementor-element elementor-element-d4ee28e e-con-full e-flex parallax_section_no qode_elementor_container_no e-con e-child\" data-id=\"d4ee28e\" data-element_type=\"container\" data-settings=\"{&quot;background_background&quot;:&quot;classic&quot;}\">\n\t\t\t\t<div class=\"elementor-element elementor-element-f29f4bf elementor-view-default elementor-widget elementor-widget-icon\" data-id=\"f29f4bf\" data-element_type=\"widget\" data-widget_type=\"icon.default\">\n\t\t\t\t<div class=\"elementor-widget-container\">\n\t\t\t\t\t\t\t<div class=\"elementor-icon-wrapper\">\n\t\t\t<div class=\"elementor-icon\">\n\t\t\t<svg xmlns=\"http:\/\/www.w3.org\/2000\/svg\" viewBox=\"0 0 384 512\"><path d=\"M320.7 249.2c-10.5 24.8-25.4 52.2-42.5 79.9C249.8 375.3 216.8 420 192 451.7c-24.8-31.8-57.8-76.4-86.2-122.6c-17.1-27.7-32-55.1-42.5-79.9C52.5 223.6 48 204.4 48 192c0-79.5 64.5-144 144-144s144 64.5 144 144c0 12.4-4.5 31.6-15.3 57.2zm-105 250C267 435 384 279.4 384 192C384 86 298 0 192 0S0 86 0 192c0 87.4 117 243 168.3 307.2c12.3 15.3 35.1 15.3 47.4 0z\"><\/path><\/svg>\t\t\t<\/div>\n\t\t<\/div>\n\t\t\t\t\t\t<\/div>\n\t\t\t\t<\/div>\n\t\t\t\t<\/div>\n\t\t<div class=\"elementor-element elementor-element-8fc59d5 e-con-full e-flex parallax_section_no qode_elementor_container_no e-con e-child\" data-id=\"8fc59d5\" data-element_type=\"container\">\n\t\t\t\t<div class=\"elementor-element elementor-element-1c044e6 elementor-widget elementor-widget-heading\" data-id=\"1c044e6\" data-element_type=\"widget\" data-widget_type=\"heading.default\">\n\t\t\t\t<div class=\"elementor-widget-container\">\n\t\t\t\t\t<h6 class=\"elementor-heading-title elementor-size-default\">38-100 Strzy\u017c\u00f3w, ul. 1 Maja 1 <\/h6>\t\t\t\t<\/div>\n\t\t\t\t<\/div>\n\t\t\t\t<\/div>\n\t\t\t\t<\/a>\n\t\t<a class=\"elementor-element elementor-element-0398fe6 e-con-full e-flex parallax_section_no qode_elementor_container_no e-con e-child\" data-id=\"0398fe6\" data-element_type=\"container\" href=\"#0\">\n\t\t<div class=\"elementor-element elementor-element-abed6ae e-con-full e-flex parallax_section_no qode_elementor_container_no e-con e-child\" data-id=\"abed6ae\" data-element_type=\"container\" data-settings=\"{&quot;background_background&quot;:&quot;classic&quot;}\">\n\t\t\t\t<div class=\"elementor-element elementor-element-e968d68 elementor-view-default elementor-widget elementor-widget-icon\" data-id=\"e968d68\" data-element_type=\"widget\" data-widget_type=\"icon.default\">\n\t\t\t\t<div class=\"elementor-widget-container\">\n\t\t\t\t\t\t\t<div class=\"elementor-icon-wrapper\">\n\t\t\t<div class=\"elementor-icon\">\n\t\t\t<svg aria-hidden=\"true\" class=\"e-font-icon-svg e-far-envelope\" viewBox=\"0 0 512 512\" xmlns=\"http:\/\/www.w3.org\/2000\/svg\"><path d=\"M464 64H48C21.49 64 0 85.49 0 112v288c0 26.51 21.49 48 48 48h416c26.51 0 48-21.49 48-48V112c0-26.51-21.49-48-48-48zm0 48v40.805c-22.422 18.259-58.168 46.651-134.587 106.49-16.841 13.247-50.201 45.072-73.413 44.701-23.208.375-56.579-31.459-73.413-44.701C106.18 199.465 70.425 171.067 48 152.805V112h416zM48 400V214.398c22.914 18.251 55.409 43.862 104.938 82.646 21.857 17.205 60.134 55.186 103.062 54.955 42.717.231 80.509-37.199 103.053-54.947 49.528-38.783 82.032-64.401 104.947-82.653V400H48z\"><\/path><\/svg>\t\t\t<\/div>\n\t\t<\/div>\n\t\t\t\t\t\t<\/div>\n\t\t\t\t<\/div>\n\t\t\t\t<\/div>\n\t\t<div class=\"elementor-element elementor-element-77f6826 e-con-full e-flex parallax_section_no qode_elementor_container_no e-con e-child\" data-id=\"77f6826\" data-element_type=\"container\">\n\t\t\t\t<div class=\"elementor-element elementor-element-94e52c1 elementor-widget-mobile__width-initial elementor-widget elementor-widget-heading\" data-id=\"94e52c1\" data-element_type=\"widget\" data-widget_type=\"heading.default\">\n\t\t\t\t<div class=\"elementor-widget-container\">\n\t\t\t\t\t<h6 class=\"elementor-heading-title elementor-size-default\">B-TECH Bartosz Wilusz,<br> Wysoka Strzy\u017cowska 679A,<br> 38-123 Wysoka Strzy\u017cowska<\/h6>\t\t\t\t<\/div>\n\t\t\t\t<\/div>\n\t\t\t\t<\/div>\n\t\t\t\t<\/a>\n\t\t<a class=\"elementor-element elementor-element-9f0b805 e-con-full e-flex parallax_section_no qode_elementor_container_no e-con e-child\" data-id=\"9f0b805\" data-element_type=\"container\" href=\"#0\">\n\t\t<div class=\"elementor-element elementor-element-fe62406 e-con-full e-flex parallax_section_no qode_elementor_container_no e-con e-child\" data-id=\"fe62406\" data-element_type=\"container\" data-settings=\"{&quot;background_background&quot;:&quot;classic&quot;}\">\n\t\t\t\t<div class=\"elementor-element elementor-element-fc637f3 elementor-view-default elementor-widget elementor-widget-icon\" data-id=\"fc637f3\" data-element_type=\"widget\" data-widget_type=\"icon.default\">\n\t\t\t\t<div class=\"elementor-widget-container\">\n\t\t\t\t\t\t\t<div class=\"elementor-icon-wrapper\">\n\t\t\t<div class=\"elementor-icon\">\n\t\t\t<svg aria-hidden=\"true\" class=\"e-font-icon-svg e-fab-linkedin-in\" viewBox=\"0 0 448 512\" xmlns=\"http:\/\/www.w3.org\/2000\/svg\"><path d=\"M100.28 448H7.4V148.9h92.88zM53.79 108.1C24.09 108.1 0 83.5 0 53.8a53.79 53.79 0 0 1 107.58 0c0 29.7-24.1 54.3-53.79 54.3zM447.9 448h-92.68V302.4c0-34.7-.7-79.2-48.29-79.2-48.29 0-55.69 37.7-55.69 76.7V448h-92.78V148.9h89.08v40.8h1.3c12.4-23.5 42.69-48.3 87.88-48.3 94 0 111.28 61.9 111.28 142.3V448z\"><\/path><\/svg>\t\t\t<\/div>\n\t\t<\/div>\n\t\t\t\t\t\t<\/div>\n\t\t\t\t<\/div>\n\t\t\t\t<\/div>\n\t\t<div class=\"elementor-element elementor-element-7d61c4f e-con-full e-flex parallax_section_no qode_elementor_container_no e-con e-child\" data-id=\"7d61c4f\" data-element_type=\"container\">\n\t\t\t\t<div class=\"elementor-element elementor-element-b75be06 elementor-widget elementor-widget-heading\" data-id=\"b75be06\" data-element_type=\"widget\" data-widget_type=\"heading.default\">\n\t\t\t\t<div class=\"elementor-widget-container\">\n\t\t\t\t\t<h6 class=\"elementor-heading-title elementor-size-default\">linkedin<\/h6>\t\t\t\t<\/div>\n\t\t\t\t<\/div>\n\t\t\t\t<\/div>\n\t\t\t\t<\/a>\n\t\t<a class=\"elementor-element elementor-element-31f513a e-con-full e-flex parallax_section_no qode_elementor_container_no e-con e-child\" data-id=\"31f513a\" data-element_type=\"container\" href=\"#0\">\n\t\t<div class=\"elementor-element elementor-element-1f63e16 e-con-full e-flex parallax_section_no qode_elementor_container_no e-con e-child\" data-id=\"1f63e16\" data-element_type=\"container\" data-settings=\"{&quot;background_background&quot;:&quot;classic&quot;}\">\n\t\t\t\t<div class=\"elementor-element elementor-element-3d226e2 elementor-view-default elementor-widget elementor-widget-icon\" data-id=\"3d226e2\" data-element_type=\"widget\" data-widget_type=\"icon.default\">\n\t\t\t\t<div class=\"elementor-widget-container\">\n\t\t\t\t\t\t\t<div class=\"elementor-icon-wrapper\">\n\t\t\t<div class=\"elementor-icon\">\n\t\t\t<svg aria-hidden=\"true\" class=\"e-font-icon-svg e-fab-facebook-f\" viewBox=\"0 0 320 512\" xmlns=\"http:\/\/www.w3.org\/2000\/svg\"><path d=\"M279.14 288l14.22-92.66h-88.91v-60.13c0-25.35 12.42-50.06 52.24-50.06h40.42V6.26S260.43 0 225.36 0c-73.22 0-121.08 44.38-121.08 124.72v70.62H22.89V288h81.39v224h100.17V288z\"><\/path><\/svg>\t\t\t<\/div>\n\t\t<\/div>\n\t\t\t\t\t\t<\/div>\n\t\t\t\t<\/div>\n\t\t\t\t<\/div>\n\t\t<div class=\"elementor-element elementor-element-6e5baa9 e-con-full e-flex parallax_section_no qode_elementor_container_no e-con e-child\" data-id=\"6e5baa9\" data-element_type=\"container\">\n\t\t\t\t<div class=\"elementor-element elementor-element-d947211 elementor-widget elementor-widget-heading\" data-id=\"d947211\" data-element_type=\"widget\" data-widget_type=\"heading.default\">\n\t\t\t\t<div class=\"elementor-widget-container\">\n\t\t\t\t\t<h6 class=\"elementor-heading-title elementor-size-default\">strona fb<\/h6>\t\t\t\t<\/div>\n\t\t\t\t<\/div>\n\t\t\t\t<\/div>\n\t\t\t\t<\/a>\n\t\t\t\t<\/div>\n\t\t\t\t<\/div>\n\t\t<div class=\"elementor-element elementor-element-48d4e85 e-flex e-con-boxed parallax_section_no qode_elementor_container_no e-con e-parent\" data-id=\"48d4e85\" data-element_type=\"container\">\n\t\t\t\t\t<div class=\"e-con-inner\">\n\t\t\t\t<div class=\"elementor-element elementor-element-2146db8 elementor-widget elementor-widget-spacer\" data-id=\"2146db8\" data-element_type=\"widget\" data-widget_type=\"spacer.default\">\n\t\t\t\t<div class=\"elementor-widget-container\">\n\t\t\t\t\t\t\t<div class=\"elementor-spacer\">\n\t\t\t<div class=\"elementor-spacer-inner\"><\/div>\n\t\t<\/div>\n\t\t\t\t\t\t<\/div>\n\t\t\t\t<\/div>\n\t\t\t\t\t<\/div>\n\t\t\t\t<\/div>\n\t\t<div class=\"elementor-element elementor-element-b00a7bc e-con-full e-flex parallax_section_no qode_elementor_container_no e-con e-parent\" data-id=\"b00a7bc\" data-element_type=\"container\">\n\t\t<div class=\"elementor-element elementor-element-198424c e-con-full e-flex parallax_section_no qode_elementor_container_no e-con e-child\" data-id=\"198424c\" data-element_type=\"container\">\n\t\t\t\t<\/div>\n\t\t<div class=\"elementor-element elementor-element-29bf5d0 e-con-full e-flex parallax_section_no qode_elementor_container_no e-con e-child\" data-id=\"29bf5d0\" data-element_type=\"container\">\n\t\t\t\t<\/div>\n\t\t\t\t<\/div>\n\t\t\t\t<\/div>\n\t\t","protected":false},"excerpt":{"rendered":"<p>Zapraszamy do kontaktu. Je\u015bli potrzebujesz dodatkowych informacji, chcesz porozmawia\u0107 o wsp\u00f3\u0142pracy lub um\u00f3wi\u0107 si\u0119 na spotkanie \u2013 jeste\u015bmy do dyspozycji. 500 593 966 biuro@btech-izolacje.pl 38-100 Strzy\u017c\u00f3w, ul. 1 Maja 1 B-TECH Bartosz Wilusz, Wysoka Strzy\u017cowska 679A, 38-123 Wysoka Strzy\u017cowska linkedin strona fb<\/p>\n","protected":false},"author":1,"featured_media":8376,"parent":0,"menu_order":0,"comment_status":"closed","ping_status":"closed","template":"","meta":{"content-type":"","footnotes":""},"class_list":["post-640","page","type-page","status-publish","has-post-thumbnail","hentry"],"_links":{"self":[{"href":"https:\/\/izolacje.stejdzing.pl\/index.php\/wp-json\/wp\/v2\/pages\/640","targetHints":{"allow":["GET"]}}],"collection":[{"href":"https:\/\/izolacje.stejdzing.pl\/index.php\/wp-json\/wp\/v2\/pages"}],"about":[{"href":"https:\/\/izolacje.stejdzing.pl\/index.php\/wp-json\/wp\/v2\/types\/page"}],"author":[{"embeddable":true,"href":"https:\/\/izolacje.stejdzing.pl\/index.php\/wp-json\/wp\/v2\/users\/1"}],"replies":[{"embeddable":true,"href":"https:\/\/izolacje.stejdzing.pl\/index.php\/wp-json\/wp\/v2\/comments?post=640"}],"version-history":[{"count":59,"href":"https:\/\/izolacje.stejdzing.pl\/index.php\/wp-json\/wp\/v2\/pages\/640\/revisions"}],"predecessor-version":[{"id":8740,"href":"https:\/\/izolacje.stejdzing.pl\/index.php\/wp-json\/wp\/v2\/pages\/640\/revisions\/8740"}],"wp:featuredmedia":[{"embeddable":true,"href":"https:\/\/izolacje.stejdzing.pl\/index.php\/wp-json\/wp\/v2\/media\/8376"}],"wp:attachment":[{"href":"https:\/\/izolacje.stejdzing.pl\/index.php\/wp-json\/wp\/v2\/media?parent=640"}],"curies":[{"name":"wp","href":"https:\/\/api.w.org\/{rel}","templated":true}]}}