{"id":6815,"date":"2023-12-11T20:44:27","date_gmt":"2023-12-11T20:44:27","guid":{"rendered":"https:\/\/bridge510.qodeinteractive.com\/?page_id=6815"},"modified":"2025-07-17T09:27:51","modified_gmt":"2025-07-17T09:27:51","slug":"about-us-2","status":"publish","type":"page","link":"https:\/\/izolacje.stejdzing.pl\/index.php\/about-us-2\/","title":{"rendered":"O nas"},"content":{"rendered":"\t\t<div data-elementor-type=\"wp-page\" data-elementor-id=\"6815\" class=\"elementor elementor-6815\">\n\t\t\t\t<div class=\"elementor-element elementor-element-aabe83b e-flex e-con-boxed parallax_section_no qode_elementor_container_no e-con e-parent\" data-id=\"aabe83b\" data-element_type=\"container\">\n\t\t\t\t\t<div class=\"e-con-inner\">\n\t\t\t\t<div class=\"elementor-element elementor-element-d5dd545 elementor-widget elementor-widget-spacer\" data-id=\"d5dd545\" data-element_type=\"widget\" data-widget_type=\"spacer.default\">\n\t\t\t\t<div class=\"elementor-widget-container\">\n\t\t\t\t\t\t\t<div class=\"elementor-spacer\">\n\t\t\t<div class=\"elementor-spacer-inner\"><\/div>\n\t\t<\/div>\n\t\t\t\t\t\t<\/div>\n\t\t\t\t<\/div>\n\t\t\t\t\t<\/div>\n\t\t\t\t<\/div>\n\t\t<div class=\"elementor-element elementor-element-2a6220f e-con-full qode_elementor_container_inner e-flex parallax_section_no e-con e-parent\" data-id=\"2a6220f\" data-element_type=\"container\" data-settings=\"{&quot;background_background&quot;:&quot;classic&quot;}\">\n\t\t<div class=\"elementor-element elementor-element-0ba976c e-flex e-con-boxed parallax_section_no qode_elementor_container_no e-con e-child\" data-id=\"0ba976c\" data-element_type=\"container\" data-settings=\"{&quot;background_background&quot;:&quot;classic&quot;}\">\n\t\t\t\t\t<div class=\"e-con-inner\">\n\t\t\t\t<div class=\"elementor-element elementor-element-cc44407 elementor-widget elementor-widget-text-editor\" data-id=\"cc44407\" data-element_type=\"widget\" data-widget_type=\"text-editor.default\">\n\t\t\t\t<div class=\"elementor-widget-container\">\n\t\t\t\t\t\t\t\t\t<h2 class=\"mkdf-st-title\">B-TECH<\/h2>\t\t\t\t\t\t\t\t<\/div>\n\t\t\t\t<\/div>\n\t\t\t\t<div class=\"elementor-element elementor-element-7b6d897 elementor-widget__width-initial elementor-widget elementor-widget-heading\" data-id=\"7b6d897\" data-element_type=\"widget\" data-widget_type=\"heading.default\">\n\t\t\t\t<div class=\"elementor-widget-container\">\n\t\t\t\t\t<p class=\"elementor-heading-title elementor-size-default\">Zaufanie, terminowo\u015b\u0107 oraz produkty najwy\u017cszej jako\u015bci potwierdzili\u015bmy realizuj\u0105c r\u00f3\u017cne projekty. \n<br><br>\nPosiadamy wykwalifikowan\u0105 kadr\u0119 pracownicz\u0105, kt\u00f3ra z pasj\u0105 podchodzi do ka\u017cdej realizacji. Dzi\u0119ki zaanga\u017cowaniu Naszej kadry oraz stawianiu na wykorzystanie nowych technologii, jeste\u015bmy w stanie podj\u0105\u0107 najbardziej wymagaj\u0105ce projekty. G\u0142\u00f3wnymi odbiorcami naszych us\u0142ug s\u0105 podmioty z bran\u017cy przemys\u0142u, energetyki, budownictwa przemys\u0142owego jak i zak\u0142ady produkcyjne w bran\u017cy spo\u017cywczej, chemicznej, kosmetycznej a tak\u017ce farmaceutycznej.\n\n<\/p>\t\t\t\t<\/div>\n\t\t\t\t<\/div>\n\t\t\t\t<div class=\"elementor-element elementor-element-0eda797 elementor-widget elementor-widget-bridge_button_v2\" data-id=\"0eda797\" data-element_type=\"widget\" data-widget_type=\"bridge_button_v2.default\">\n\t\t\t\t<div class=\"elementor-widget-container\">\n\t\t\t\t\t\n\n\t<a href=\"https:\/\/izolacje.stejdzing.pl\/index.php\/our-services\/\" target=\"_self\"  class=\"qode-btn qode-btn-medium qode-btn-solid qode-btn-default-hover\"  >\n\t    <span class=\"qode-btn-text\">Nasze us\u0142ugi<\/span>\t<\/a>\n\n\t\t\t\t<\/div>\n\t\t\t\t<\/div>\n\t\t\t\t\t<\/div>\n\t\t\t\t<\/div>\n\t\t<div class=\"elementor-element elementor-element-962e06d e-flex e-con-boxed parallax_section_no qode_elementor_container_no e-con e-child\" data-id=\"962e06d\" data-element_type=\"container\">\n\t\t\t\t\t<div class=\"e-con-inner\">\n\t\t\t\t<div class=\"elementor-element elementor-element-fc8aaa8 elementor-widget elementor-widget-bridge_image_gallery\" data-id=\"fc8aaa8\" data-element_type=\"widget\" data-widget_type=\"bridge_image_gallery.default\">\n\t\t\t\t<div class=\"elementor-widget-container\">\n\t\t\t\t\t<div class=\"qode-image-gallery\"><div class=\"qode-image-gallery-inner\"><div class=\"qode-image-gallery-slides drag_enabled wpb_image_grid\" data-interval=\"\"data-control=\"false\"data-direction=\"false\"data-pause-on-hover=\"false\"data-drag=\"true\"><div class=\"gallery_holder\"><ul class=\"gallery_inner   v0\"><li class=\"no_grayscale\"><img decoding=\"async\" itemprop=\"image\" src=\"https:\/\/izolacje.stejdzing.pl\/wp-content\/uploads\/2025\/06\/IMG_20250609_181229489_HDR2-scaled.jpg\" \/><\/li><\/ul><\/div><\/div><\/div><\/div>\t\t\t\t<\/div>\n\t\t\t\t<\/div>\n\t\t\t\t\t<\/div>\n\t\t\t\t<\/div>\n\t\t\t\t<\/div>\n\t\t<div class=\"elementor-element elementor-element-2f20c3a e-con-full e-flex parallax_section_no qode_elementor_container_no e-con e-parent\" data-id=\"2f20c3a\" data-element_type=\"container\" data-settings=\"{&quot;background_background&quot;:&quot;classic&quot;}\">\n\t\t\t\t<div class=\"elementor-element elementor-element-d451a76 elementor-widget elementor-widget-text-editor\" data-id=\"d451a76\" data-element_type=\"widget\" data-widget_type=\"text-editor.default\">\n\t\t\t\t<div class=\"elementor-widget-container\">\n\t\t\t\t\t\t\t\t\t<h1><span style=\"color: #ffffff;\">Ostatnie Projekty<\/span><\/h1>\t\t\t\t\t\t\t\t<\/div>\n\t\t\t\t<\/div>\n\t\t\t\t<\/div>\n\t\t<div class=\"elementor-element elementor-element-c2767d4 e-con-full e-flex parallax_section_no qode_elementor_container_no e-con e-parent\" data-id=\"c2767d4\" data-element_type=\"container\" data-settings=\"{&quot;background_background&quot;:&quot;classic&quot;}\">\n\t\t\t\t<div class=\"elementor-element elementor-element-565e5e4 elementor-widget elementor-widget-bridge_clients\" data-id=\"565e5e4\" data-element_type=\"widget\" data-widget_type=\"bridge_clients.default\">\n\t\t\t\t<div class=\"elementor-widget-container\">\n\t\t\t\t\t\n        <div class=\"qode_clients clearfix four_columns qode_clients_switch_images qode_clients_switch_roll qode_clients_separators_disabled\">\n\n            <div class=\"qode_client_holder\"><div class=\"qode_client_holder_inner\"><div class=\"qode_client_image_holder\"><a itemprop=\"url\" href=\"#\" target=\"_self\"><img decoding=\"async\" itemprop=\"image\" class=\"qode_client_main_image\" src=\"https:\/\/izolacje.stejdzing.pl\/wp-content\/uploads\/2025\/06\/IMG_20250609_181229489_HDR2-scaled.jpg\" alt=\"\" \/><img decoding=\"async\" itemprop=\"image\" class=\"qode_client_hover_image\" src=\"https:\/\/izolacje.stejdzing.pl\/wp-content\/uploads\/2025\/06\/IMG_20250609_181212442_HDR1-scaled.jpg\" alt=\"\" \/><\/a><\/div><div class=\"qode_client_image_hover\"><\/div><\/div><\/div><div class=\"qode_client_holder\"><div class=\"qode_client_holder_inner\"><div class=\"qode_client_image_holder\"><a itemprop=\"url\" href=\"#\" target=\"_self\"><img decoding=\"async\" itemprop=\"image\" class=\"qode_client_main_image\" src=\"https:\/\/izolacje.stejdzing.pl\/wp-content\/uploads\/2025\/06\/IMG_20250609_181202803_HDR-scaled.jpg\" alt=\"\" \/><img decoding=\"async\" itemprop=\"image\" class=\"qode_client_hover_image\" src=\"https:\/\/izolacje.stejdzing.pl\/wp-content\/uploads\/2025\/06\/IMG_20250609_181153115_HDR1-scaled.jpg\" alt=\"\" \/><\/a><\/div><div class=\"qode_client_image_hover\"><\/div><\/div><\/div><div class=\"qode_client_holder\"><div class=\"qode_client_holder_inner\"><div class=\"qode_client_image_holder\"><a itemprop=\"url\" href=\"#\" target=\"_self\"><img decoding=\"async\" itemprop=\"image\" class=\"qode_client_main_image\" src=\"https:\/\/izolacje.stejdzing.pl\/wp-content\/uploads\/2025\/06\/IMG_20250609_181059950_HDR-scaled.jpg\" alt=\"\" \/><img decoding=\"async\" itemprop=\"image\" class=\"qode_client_hover_image\" src=\"https:\/\/izolacje.stejdzing.pl\/wp-content\/uploads\/2025\/06\/IMG_20240607_133512266_HDR1-scaled.jpg\" alt=\"\" \/><\/a><\/div><div class=\"qode_client_image_hover\"><\/div><\/div><\/div><div class=\"qode_client_holder\"><div class=\"qode_client_holder_inner\"><div class=\"qode_client_image_holder\"><a itemprop=\"url\" href=\"#\" target=\"_self\"><img decoding=\"async\" itemprop=\"image\" class=\"qode_client_main_image\" src=\"https:\/\/izolacje.stejdzing.pl\/wp-content\/uploads\/2025\/06\/IMG_20250212_132537847-scaled.jpg\" alt=\"\" \/><img decoding=\"async\" itemprop=\"image\" class=\"qode_client_hover_image\" src=\"https:\/\/izolacje.stejdzing.pl\/wp-content\/uploads\/2025\/06\/IMG_20250212_132455778-scaled.jpg\" alt=\"\" \/><\/a><\/div><div class=\"qode_client_image_hover\"><\/div><\/div><\/div>\n        <\/div>\n\n        \t\t\t\t<\/div>\n\t\t\t\t<\/div>\n\t\t\t\t<\/div>\n\t\t<div class=\"elementor-element elementor-element-55e4ebe e-con-full qode_elementor_container_inner e-flex parallax_section_no e-con e-parent\" data-id=\"55e4ebe\" data-element_type=\"container\">\n\t\t<div class=\"elementor-element elementor-element-5cd7d12 e-con-full e-flex parallax_section_no qode_elementor_container_no e-con e-child\" data-id=\"5cd7d12\" data-element_type=\"container\">\n\t\t\t\t<div class=\"elementor-element elementor-element-8f90eb0 elementor-widget elementor-widget-qi_addons_for_elementor_counter\" data-id=\"8f90eb0\" data-element_type=\"widget\" data-widget_type=\"qi_addons_for_elementor_counter.default\">\n\t\t\t\t<div class=\"elementor-widget-container\">\n\t\t\t\t\t<div class=\"qodef-shortcode qodef-m qodef-qi-counter qodef-layout--simple\" data-start-digit=\"10\" data-end-digit=\"34\" data-step-digit=\"5\">\n\t<div class=\"qodef-m-digit-wrapper\">\n\t\t<div class=\"qodef-m-digit\"><\/div>\n\t<\/div>\n\t\t<div class=\"qodef-m-content\">\n\t\t\t<h6 class=\"qodef-m-title\">\n\t\tZrealizowanych Projekt\u00f3w\t<\/h6>\n\t\t\t<div class=\"qodef-m-text\">\n\t\tIzolacji Przemys\u0142owych\t<\/div>\n\t<\/div>\n<\/div>\n\t\t\t\t<\/div>\n\t\t\t\t<\/div>\n\t\t\t\t<\/div>\n\t\t<div class=\"elementor-element elementor-element-71ff634 e-con-full e-flex parallax_section_no qode_elementor_container_no e-con e-child\" data-id=\"71ff634\" data-element_type=\"container\">\n\t\t\t\t<div class=\"elementor-element elementor-element-dd96e64 elementor-widget elementor-widget-qi_addons_for_elementor_counter\" data-id=\"dd96e64\" data-element_type=\"widget\" data-widget_type=\"qi_addons_for_elementor_counter.default\">\n\t\t\t\t<div class=\"elementor-widget-container\">\n\t\t\t\t\t<div class=\"qodef-shortcode qodef-m qodef-qi-counter qodef-layout--simple\" data-end-digit=\"11\" data-step-digit=\"10\">\n\t<div class=\"qodef-m-digit-wrapper\">\n\t\t<div class=\"qodef-m-digit\"><\/div>\n\t<\/div>\n\t\t<div class=\"qodef-m-content\">\n\t\t\t<h6 class=\"qodef-m-title\">\n\t\tZadowolonych\t<\/h6>\n\t\t\t<div class=\"qodef-m-text\">\n\t\tKlient\u00f3w\t<\/div>\n\t<\/div>\n<\/div>\n\t\t\t\t<\/div>\n\t\t\t\t<\/div>\n\t\t\t\t<\/div>\n\t\t\t\t<\/div>\n\t\t<div class=\"elementor-element elementor-element-9b282d0 e-flex e-con-boxed parallax_section_no qode_elementor_container_no e-con e-parent\" data-id=\"9b282d0\" data-element_type=\"container\">\n\t\t\t\t\t<div class=\"e-con-inner\">\n\t\t\t\t<div class=\"elementor-element elementor-element-978b5d3 elementor-widget elementor-widget-spacer\" data-id=\"978b5d3\" data-element_type=\"widget\" data-widget_type=\"spacer.default\">\n\t\t\t\t<div class=\"elementor-widget-container\">\n\t\t\t\t\t\t\t<div class=\"elementor-spacer\">\n\t\t\t<div class=\"elementor-spacer-inner\"><\/div>\n\t\t<\/div>\n\t\t\t\t\t\t<\/div>\n\t\t\t\t<\/div>\n\t\t\t\t\t<\/div>\n\t\t\t\t<\/div>\n\t\t<div class=\"elementor-element elementor-element-8116d54 e-con-full e-flex parallax_section_no qode_elementor_container_no e-con e-parent\" data-id=\"8116d54\" data-element_type=\"container\">\n\t\t<div class=\"elementor-element elementor-element-abaaf7d e-con-full e-flex parallax_section_no qode_elementor_container_no e-con e-child\" data-id=\"abaaf7d\" data-element_type=\"container\" data-settings=\"{&quot;background_background&quot;:&quot;classic&quot;}\">\n\t\t<div class=\"elementor-element elementor-element-c8fe2af e-con-full e-flex parallax_section_no qode_elementor_container_no e-con e-child\" data-id=\"c8fe2af\" data-element_type=\"container\">\n\t\t<div class=\"elementor-element elementor-element-0d57da2 e-con-full animated-slow e-flex parallax_section_no qode_elementor_container_no elementor-invisible e-con e-child\" data-id=\"0d57da2\" data-element_type=\"container\" data-settings=\"{&quot;animation&quot;:&quot;fadeInUp&quot;,&quot;animation_delay&quot;:200}\">\n\t\t\t\t<div class=\"elementor-element elementor-element-1230f7a elementor-view-default elementor-widget elementor-widget-icon\" data-id=\"1230f7a\" data-element_type=\"widget\" data-widget_type=\"icon.default\">\n\t\t\t\t<div class=\"elementor-widget-container\">\n\t\t\t\t\t\t\t<div class=\"elementor-icon-wrapper\">\n\t\t\t<div class=\"elementor-icon\">\n\t\t\t<svg xmlns=\"http:\/\/www.w3.org\/2000\/svg\" viewBox=\"0 0 512 512\"><path d=\"M284.3 11.7c-15.6-15.6-40.9-15.6-56.6 0l-216 216c-15.6 15.6-15.6 40.9 0 56.6l216 216c15.6 15.6 40.9 15.6 56.6 0l216-216c15.6-15.6 15.6-40.9 0-56.6l-216-216z\"><\/path><\/svg>\t\t\t<\/div>\n\t\t<\/div>\n\t\t\t\t\t\t<\/div>\n\t\t\t\t<\/div>\n\t\t\t\t<div class=\"elementor-element elementor-element-a860976 elementor-widget elementor-widget-heading\" data-id=\"a860976\" data-element_type=\"widget\" data-widget_type=\"heading.default\">\n\t\t\t\t<div class=\"elementor-widget-container\">\n\t\t\t\t\t<h6 class=\"elementor-heading-title elementor-size-default\">Referencje firm, z kt\u00f3rymi mieli\u015bmy przyjemno\u015b\u0107 wsp\u00f3\u0142pracowa\u0107<\/h6>\t\t\t\t<\/div>\n\t\t\t\t<\/div>\n\t\t\t\t<div class=\"elementor-element elementor-element-32e30f1 elementor-view-default elementor-widget elementor-widget-icon\" data-id=\"32e30f1\" data-element_type=\"widget\" data-widget_type=\"icon.default\">\n\t\t\t\t<div class=\"elementor-widget-container\">\n\t\t\t\t\t\t\t<div class=\"elementor-icon-wrapper\">\n\t\t\t<div class=\"elementor-icon\">\n\t\t\t<svg xmlns=\"http:\/\/www.w3.org\/2000\/svg\" viewBox=\"0 0 512 512\"><path d=\"M284.3 11.7c-15.6-15.6-40.9-15.6-56.6 0l-216 216c-15.6 15.6-15.6 40.9 0 56.6l216 216c15.6 15.6 40.9 15.6 56.6 0l216-216c15.6-15.6 15.6-40.9 0-56.6l-216-216z\"><\/path><\/svg>\t\t\t<\/div>\n\t\t<\/div>\n\t\t\t\t\t\t<\/div>\n\t\t\t\t<\/div>\n\t\t\t\t<\/div>\n\t\t\t\t<div class=\"elementor-element elementor-element-76cebfd animated-slow elementor-invisible elementor-widget elementor-widget-heading\" data-id=\"76cebfd\" data-element_type=\"widget\" data-settings=\"{&quot;_animation&quot;:&quot;fadeInUp&quot;,&quot;_animation_delay&quot;:200}\" data-widget_type=\"heading.default\">\n\t\t\t\t<div class=\"elementor-widget-container\">\n\t\t\t\t\t<h2 class=\"elementor-heading-title elementor-size-default\">Opinie naszych klient\u00f3w<\/h2>\t\t\t\t<\/div>\n\t\t\t\t<\/div>\n\t\t<div class=\"elementor-element elementor-element-9456ada e-grid e-con-boxed parallax_section_no qode_elementor_container_no e-con e-child\" data-id=\"9456ada\" data-element_type=\"container\">\n\t\t\t\t\t<div class=\"e-con-inner\">\n\t\t<div class=\"elementor-element elementor-element-5d4aa77 e-con-full animated-slow e-flex parallax_section_no qode_elementor_container_no elementor-invisible e-con e-child\" data-id=\"5d4aa77\" data-element_type=\"container\" data-settings=\"{&quot;animation&quot;:&quot;fadeInUp&quot;,&quot;animation_delay&quot;:0}\">\n\t\t\t\t<div class=\"elementor-element elementor-element-dd7c102 elementor-widget__width-inherit elementor-widget elementor-widget-image\" data-id=\"dd7c102\" data-element_type=\"widget\" data-widget_type=\"image.default\">\n\t\t\t\t<div class=\"elementor-widget-container\">\n\t\t\t\t\t\t\t\t\t\t\t\t\t\t\t<img fetchpriority=\"high\" decoding=\"async\" width=\"549\" height=\"779\" src=\"https:\/\/izolacje.stejdzing.pl\/wp-content\/uploads\/2025\/07\/Zrzut-ekranu-2025-07-10-122155.png\" class=\"attachment-large size-large wp-image-8626\" alt=\"\" srcset=\"https:\/\/izolacje.stejdzing.pl\/wp-content\/uploads\/2025\/07\/Zrzut-ekranu-2025-07-10-122155.png 549w, https:\/\/izolacje.stejdzing.pl\/wp-content\/uploads\/2025\/07\/Zrzut-ekranu-2025-07-10-122155-211x300.png 211w\" sizes=\"(max-width: 549px) 100vw, 549px\" \/>\t\t\t\t\t\t\t\t\t\t\t\t\t\t\t<\/div>\n\t\t\t\t<\/div>\n\t\t<div class=\"elementor-element elementor-element-572e51a e-con-full e-flex parallax_section_no qode_elementor_container_no e-con e-child\" data-id=\"572e51a\" data-element_type=\"container\">\n\t\t\t\t<div class=\"elementor-element elementor-element-d76138b elementor-widget elementor-widget-heading\" data-id=\"d76138b\" data-element_type=\"widget\" data-widget_type=\"heading.default\">\n\t\t\t\t<div class=\"elementor-widget-container\">\n\t\t\t\t\t<div class=\"elementor-heading-title elementor-size-default\">Firma Kabanos<\/div>\t\t\t\t<\/div>\n\t\t\t\t<\/div>\n\t\t\t\t<\/div>\n\t\t<div class=\"elementor-element elementor-element-210cd54 e-con-full e-flex parallax_section_no qode_elementor_container_no e-con e-child\" data-id=\"210cd54\" data-element_type=\"container\" data-settings=\"{&quot;position&quot;:&quot;absolute&quot;}\">\n\t\t\t\t<\/div>\n\t\t\t\t<\/div>\n\t\t<div class=\"elementor-element elementor-element-90d5312 e-con-full animated-slow e-flex parallax_section_no qode_elementor_container_no elementor-invisible e-con e-child\" data-id=\"90d5312\" data-element_type=\"container\" data-settings=\"{&quot;animation&quot;:&quot;fadeInUp&quot;,&quot;animation_delay&quot;:200}\">\n\t\t\t\t<div class=\"elementor-element elementor-element-e6881a4 elementor-widget__width-inherit elementor-widget elementor-widget-image\" data-id=\"e6881a4\" data-element_type=\"widget\" data-widget_type=\"image.default\">\n\t\t\t\t<div class=\"elementor-widget-container\">\n\t\t\t\t\t\t\t\t\t\t\t\t\t\t\t<img decoding=\"async\" width=\"556\" height=\"784\" src=\"https:\/\/izolacje.stejdzing.pl\/wp-content\/uploads\/2025\/07\/Zrzut-ekranu-2025-07-10-122242.png\" class=\"attachment-large size-large wp-image-8628\" alt=\"\" srcset=\"https:\/\/izolacje.stejdzing.pl\/wp-content\/uploads\/2025\/07\/Zrzut-ekranu-2025-07-10-122242.png 556w, https:\/\/izolacje.stejdzing.pl\/wp-content\/uploads\/2025\/07\/Zrzut-ekranu-2025-07-10-122242-213x300.png 213w\" sizes=\"(max-width: 556px) 100vw, 556px\" \/>\t\t\t\t\t\t\t\t\t\t\t\t\t\t\t<\/div>\n\t\t\t\t<\/div>\n\t\t<div class=\"elementor-element elementor-element-f573f90 e-con-full e-flex parallax_section_no qode_elementor_container_no e-con e-child\" data-id=\"f573f90\" data-element_type=\"container\">\n\t\t\t\t<div class=\"elementor-element elementor-element-54c61e8 elementor-widget elementor-widget-heading\" data-id=\"54c61e8\" data-element_type=\"widget\" data-widget_type=\"heading.default\">\n\t\t\t\t<div class=\"elementor-widget-container\">\n\t\t\t\t\t<div class=\"elementor-heading-title elementor-size-default\">Sokpol Koncentraty<\/div>\t\t\t\t<\/div>\n\t\t\t\t<\/div>\n\t\t\t\t<\/div>\n\t\t<div class=\"elementor-element elementor-element-a97bb81 e-con-full e-flex parallax_section_no qode_elementor_container_no e-con e-child\" data-id=\"a97bb81\" data-element_type=\"container\" data-settings=\"{&quot;position&quot;:&quot;absolute&quot;}\">\n\t\t\t\t<\/div>\n\t\t\t\t<\/div>\n\t\t<div class=\"elementor-element elementor-element-8f690ee e-con-full animated-slow e-flex parallax_section_no qode_elementor_container_no elementor-invisible e-con e-child\" data-id=\"8f690ee\" data-element_type=\"container\" data-settings=\"{&quot;animation&quot;:&quot;fadeInUp&quot;,&quot;animation_delay&quot;:400}\">\n\t\t\t\t<div class=\"elementor-element elementor-element-1ce32a7 elementor-widget__width-inherit elementor-widget elementor-widget-image\" data-id=\"1ce32a7\" data-element_type=\"widget\" data-widget_type=\"image.default\">\n\t\t\t\t<div class=\"elementor-widget-container\">\n\t\t\t\t\t\t\t\t\t\t\t\t\t\t\t<img decoding=\"async\" width=\"549\" height=\"779\" src=\"https:\/\/izolacje.stejdzing.pl\/wp-content\/uploads\/2025\/07\/Zrzut-ekranu-2025-07-10-122155.png\" class=\"attachment-1536x1536 size-1536x1536 wp-image-8626\" alt=\"\" srcset=\"https:\/\/izolacje.stejdzing.pl\/wp-content\/uploads\/2025\/07\/Zrzut-ekranu-2025-07-10-122155.png 549w, https:\/\/izolacje.stejdzing.pl\/wp-content\/uploads\/2025\/07\/Zrzut-ekranu-2025-07-10-122155-211x300.png 211w\" sizes=\"(max-width: 549px) 100vw, 549px\" \/>\t\t\t\t\t\t\t\t\t\t\t\t\t\t\t<\/div>\n\t\t\t\t<\/div>\n\t\t<div class=\"elementor-element elementor-element-47bd45a e-con-full e-flex parallax_section_no qode_elementor_container_no e-con e-child\" data-id=\"47bd45a\" data-element_type=\"container\">\n\t\t\t\t<div class=\"elementor-element elementor-element-f0a6955 elementor-widget elementor-widget-heading\" data-id=\"f0a6955\" data-element_type=\"widget\" data-widget_type=\"heading.default\">\n\t\t\t\t<div class=\"elementor-widget-container\">\n\t\t\t\t\t<div class=\"elementor-heading-title elementor-size-default\">Firma Kabanos<\/div>\t\t\t\t<\/div>\n\t\t\t\t<\/div>\n\t\t\t\t<\/div>\n\t\t<div class=\"elementor-element elementor-element-6c6ef5b e-con-full e-flex parallax_section_no qode_elementor_container_no e-con e-child\" data-id=\"6c6ef5b\" data-element_type=\"container\" data-settings=\"{&quot;position&quot;:&quot;absolute&quot;}\">\n\t\t\t\t<\/div>\n\t\t\t\t<\/div>\n\t\t<div class=\"elementor-element elementor-element-ac4cbe6 e-con-full animated-slow e-flex parallax_section_no qode_elementor_container_no elementor-invisible e-con e-child\" data-id=\"ac4cbe6\" data-element_type=\"container\" data-settings=\"{&quot;animation&quot;:&quot;fadeInUp&quot;,&quot;animation_delay&quot;:600}\">\n\t\t\t\t<div class=\"elementor-element elementor-element-6fa3695 elementor-widget__width-inherit elementor-widget elementor-widget-image\" data-id=\"6fa3695\" data-element_type=\"widget\" data-widget_type=\"image.default\">\n\t\t\t\t<div class=\"elementor-widget-container\">\n\t\t\t\t\t\t\t\t\t\t\t\t\t\t\t<img loading=\"lazy\" decoding=\"async\" width=\"556\" height=\"784\" src=\"https:\/\/izolacje.stejdzing.pl\/wp-content\/uploads\/2025\/07\/Zrzut-ekranu-2025-07-10-122242.png\" class=\"attachment-2048x2048 size-2048x2048 wp-image-8628\" alt=\"\" srcset=\"https:\/\/izolacje.stejdzing.pl\/wp-content\/uploads\/2025\/07\/Zrzut-ekranu-2025-07-10-122242.png 556w, https:\/\/izolacje.stejdzing.pl\/wp-content\/uploads\/2025\/07\/Zrzut-ekranu-2025-07-10-122242-213x300.png 213w\" sizes=\"(max-width: 556px) 100vw, 556px\" \/>\t\t\t\t\t\t\t\t\t\t\t\t\t\t\t<\/div>\n\t\t\t\t<\/div>\n\t\t<div class=\"elementor-element elementor-element-5efdfd3 e-con-full e-flex parallax_section_no qode_elementor_container_no e-con e-child\" data-id=\"5efdfd3\" data-element_type=\"container\">\n\t\t\t\t<div class=\"elementor-element elementor-element-9a8e8d5 elementor-widget elementor-widget-heading\" data-id=\"9a8e8d5\" data-element_type=\"widget\" data-widget_type=\"heading.default\">\n\t\t\t\t<div class=\"elementor-widget-container\">\n\t\t\t\t\t<div class=\"elementor-heading-title elementor-size-default\">Sokpol Koncentraty<\/div>\t\t\t\t<\/div>\n\t\t\t\t<\/div>\n\t\t\t\t<\/div>\n\t\t<div class=\"elementor-element elementor-element-4cae151 e-con-full e-flex parallax_section_no qode_elementor_container_no e-con e-child\" data-id=\"4cae151\" data-element_type=\"container\" data-settings=\"{&quot;position&quot;:&quot;absolute&quot;}\">\n\t\t\t\t<\/div>\n\t\t\t\t<\/div>\n\t\t\t\t\t<\/div>\n\t\t\t\t<\/div>\n\t\t\t\t<\/div>\n\t\t\t\t<\/div>\n\t\t\t\t<\/div>\n\t\t\t\t<\/div>\n\t\t","protected":false},"excerpt":{"rendered":"<p>B-TECH Zaufanie, terminowo\u015b\u0107 oraz produkty najwy\u017cszej jako\u015bci potwierdzili\u015bmy realizuj\u0105c r\u00f3\u017cne projekty. Posiadamy wykwalifikowan\u0105 kadr\u0119 pracownicz\u0105, kt\u00f3ra z pasj\u0105 podchodzi do ka\u017cdej realizacji. Dzi\u0119ki zaanga\u017cowaniu Naszej kadry oraz stawianiu na wykorzystanie nowych technologii, jeste\u015bmy w stanie podj\u0105\u0107 najbardziej wymagaj\u0105ce projekty. G\u0142\u00f3wnymi odbiorcami naszych us\u0142ug s\u0105 podmioty&#8230;<\/p>\n","protected":false},"author":1,"featured_media":0,"parent":0,"menu_order":0,"comment_status":"closed","ping_status":"closed","template":"full_width.php","meta":{"content-type":"","footnotes":""},"class_list":["post-6815","page","type-page","status-publish","hentry"],"_links":{"self":[{"href":"https:\/\/izolacje.stejdzing.pl\/index.php\/wp-json\/wp\/v2\/pages\/6815","targetHints":{"allow":["GET"]}}],"collection":[{"href":"https:\/\/izolacje.stejdzing.pl\/index.php\/wp-json\/wp\/v2\/pages"}],"about":[{"href":"https:\/\/izolacje.stejdzing.pl\/index.php\/wp-json\/wp\/v2\/types\/page"}],"author":[{"embeddable":true,"href":"https:\/\/izolacje.stejdzing.pl\/index.php\/wp-json\/wp\/v2\/users\/1"}],"replies":[{"embeddable":true,"href":"https:\/\/izolacje.stejdzing.pl\/index.php\/wp-json\/wp\/v2\/comments?post=6815"}],"version-history":[{"count":97,"href":"https:\/\/izolacje.stejdzing.pl\/index.php\/wp-json\/wp\/v2\/pages\/6815\/revisions"}],"predecessor-version":[{"id":8749,"href":"https:\/\/izolacje.stejdzing.pl\/index.php\/wp-json\/wp\/v2\/pages\/6815\/revisions\/8749"}],"wp:attachment":[{"href":"https:\/\/izolacje.stejdzing.pl\/index.php\/wp-json\/wp\/v2\/media?parent=6815"}],"curies":[{"name":"wp","href":"https:\/\/api.w.org\/{rel}","templated":true}]}}